{"id":781,"date":"2022-01-31T10:58:53","date_gmt":"2022-01-31T09:58:53","guid":{"rendered":"https:\/\/www.xn--entrmpelung-whb.at\/api\/?page_id=781"},"modified":"2023-03-08T18:58:21","modified_gmt":"2023-03-08T17:58:21","slug":"kontakt","status":"publish","type":"page","link":"\/kontakt\/","title":{"rendered":"Kontakt"},"content":{"rendered":"","protected":false},"excerpt":{"rendered":"","protected":false},"author":3,"featured_media":12902,"parent":0,"menu_order":140,"comment_status":"closed","ping_status":"closed","template":"template-kontakt.php","meta":{"footnotes":""},"service_cat":[],"menu_category":[],"class_list":["post-781","page","type-page","status-publish","has-post-thumbnail","hentry"],"better_featured_image":{"id":12902,"alt_text":"","caption":"","description":"","media_type":"image","media_details":{"width":2048,"height":1536,"file":"entruempelung-scaled.jpg","filesize":243212,"sizes":{"thumbnail":{"file":"entruempelung-scaled-150x150.jpg","width":150,"height":150,"mime-type":"image\/jpeg","filesize":3837,"source_url":"https:\/\/www.xn--entrmpelung-whb.at\/api\/wp-content\/uploads\/entruempelung-scaled-150x150.jpg"},"medium":{"file":"entruempelung-scaled-300x225.jpg","width":300,"height":225,"mime-type":"image\/jpeg","filesize":9072,"source_url":"https:\/\/www.xn--entrmpelung-whb.at\/api\/wp-content\/uploads\/entruempelung-scaled-300x225.jpg"},"medium_large":{"file":"entruempelung-scaled-768x576.jpg","width":768,"height":576,"mime-type":"image\/jpeg","filesize":43266,"source_url":"https:\/\/www.xn--entrmpelung-whb.at\/api\/wp-content\/uploads\/entruempelung-scaled-768x576.jpg"},"large":{"file":"entruempelung-scaled-1024x768.jpg","width":1024,"height":768,"mime-type":"image\/jpeg","filesize":71733,"source_url":"https:\/\/www.xn--entrmpelung-whb.at\/api\/wp-content\/uploads\/entruempelung-scaled-1024x768.jpg"},"1536x1536":{"file":"entruempelung-scaled-1536x1152.jpg","width":1536,"height":1152,"mime-type":"image\/jpeg","filesize":146863,"source_url":"https:\/\/www.xn--entrmpelung-whb.at\/api\/wp-content\/uploads\/entruempelung-scaled-1536x1152.jpg"},"top":{"file":"entruempelung-scaled-1300x700.jpg","width":1300,"height":700,"mime-type":"image\/jpeg","filesize":80233,"source_url":"https:\/\/www.xn--entrmpelung-whb.at\/api\/wp-content\/uploads\/entruempelung-scaled-1300x700.jpg"},"category-thumb":{"file":"entruempelung-scaled-300x225.jpg","width":300,"height":225,"mime-type":"image\/jpeg","filesize":9072,"source_url":"https:\/\/www.xn--entrmpelung-whb.at\/api\/wp-content\/uploads\/entruempelung-scaled-300x225.jpg"},"map-thumb":{"file":"entruempelung-scaled-40x30.jpg","width":40,"height":30,"mime-type":"image\/jpeg","filesize":629,"source_url":"https:\/\/www.xn--entrmpelung-whb.at\/api\/wp-content\/uploads\/entruempelung-scaled-40x30.jpg"},"hauptseiten-3col":{"file":"entruempelung-scaled-226x170.jpg","width":226,"height":170,"mime-type":"image\/jpeg","filesize":5858,"source_url":"https:\/\/www.xn--entrmpelung-whb.at\/api\/wp-content\/uploads\/entruempelung-scaled-226x170.jpg"},"homepage-thumb":{"file":"entruempelung-scaled-300x200.jpg","width":300,"height":200,"mime-type":"image\/jpeg","filesize":8010,"source_url":"https:\/\/www.xn--entrmpelung-whb.at\/api\/wp-content\/uploads\/entruempelung-scaled-300x200.jpg"},"category-thumb-big":{"file":"entruempelung-scaled-500x300.jpg","width":500,"height":300,"mime-type":"image\/jpeg","filesize":17128,"source_url":"https:\/\/www.xn--entrmpelung-whb.at\/api\/wp-content\/uploads\/entruempelung-scaled-500x300.jpg"},"blog-thumb":{"file":"entruempelung-scaled-360x205.jpg","width":360,"height":205,"mime-type":"image\/jpeg","filesize":9276,"source_url":"https:\/\/www.xn--entrmpelung-whb.at\/api\/wp-content\/uploads\/entruempelung-scaled-360x205.jpg"},"mobile-top":{"file":"entruempelung-scaled-427x320.jpg","width":427,"height":320,"mime-type":"image\/jpeg","filesize":15713,"source_url":"https:\/\/www.xn--entrmpelung-whb.at\/api\/wp-content\/uploads\/entruempelung-scaled-427x320.jpg"},"category_thumb":{"file":"entruempelung-scaled-300x225.jpg","width":300,"height":225,"mime-type":"image\/jpeg","filesize":9072,"source_url":"https:\/\/www.xn--entrmpelung-whb.at\/api\/wp-content\/uploads\/entruempelung-scaled-300x225.jpg"},"map_thumb":{"file":"entruempelung-scaled-40x30.jpg","width":40,"height":30,"mime-type":"image\/jpeg","filesize":629,"source_url":"https:\/\/www.xn--entrmpelung-whb.at\/api\/wp-content\/uploads\/entruempelung-scaled-40x30.jpg"},"hauptseiten_3col":{"file":"entruempelung-scaled-226x170.jpg","width":226,"height":170,"mime-type":"image\/jpeg","filesize":5858,"source_url":"https:\/\/www.xn--entrmpelung-whb.at\/api\/wp-content\/uploads\/entruempelung-scaled-226x170.jpg"},"homepage_thumb":{"file":"entruempelung-scaled-300x200.jpg","width":300,"height":200,"mime-type":"image\/jpeg","filesize":8010,"source_url":"https:\/\/www.xn--entrmpelung-whb.at\/api\/wp-content\/uploads\/entruempelung-scaled-300x200.jpg"},"category_thumb_big":{"file":"entruempelung-scaled-500x300.jpg","width":500,"height":300,"mime-type":"image\/jpeg","filesize":17128,"source_url":"https:\/\/www.xn--entrmpelung-whb.at\/api\/wp-content\/uploads\/entruempelung-scaled-500x300.jpg"},"blog_thumb":{"file":"entruempelung-scaled-360x205.jpg","width":360,"height":205,"mime-type":"image\/jpeg","filesize":9276,"source_url":"https:\/\/www.xn--entrmpelung-whb.at\/api\/wp-content\/uploads\/entruempelung-scaled-360x205.jpg"},"mobile_top":{"file":"entruempelung-scaled-427x320.jpg","width":427,"height":320,"mime-type":"image\/jpeg","filesize":15713,"source_url":"https:\/\/www.xn--entrmpelung-whb.at\/api\/wp-content\/uploads\/entruempelung-scaled-427x320.jpg"},"menue_image":{"file":"entruempelung-scaled-500x500.jpg","width":500,"height":500,"mime-type":"image\/jpeg","filesize":26700,"source_url":"https:\/\/www.xn--entrmpelung-whb.at\/api\/wp-content\/uploads\/entruempelung-scaled-500x500.jpg"}},"image_meta":{"aperture":"0","credit":"","camera":"","caption":"","created_timestamp":"0","copyright":"","focal_length":"0","iso":"0","shutter_speed":"0","title":"","orientation":"0","keywords":[]}},"post":12890,"source_url":"https:\/\/www.xn--entrmpelung-whb.at\/api\/wp-content\/uploads\/entruempelung-scaled.jpg"},"acf":{"hauptinhalt_uberschrift":"","hauptinhalt_text":"","subtexte":false,"keywords":"","dienstleistungen":[{"dienstleistung":"Entr\u00fcmpelung"},{"dienstleistung":"R\u00e4umung"},{"dienstleistung":"Wohnungsr\u00e4umung"}],"backlink_seiten":false},"yoast_title_raw":"%%title%% mit %%sitename%%","yoast_desc_raw":"Kontaktieren sie uns unter 01 | 968 80 16 oder schreiben sie uns eine E-Mail an info@xn--entrmpelung-whb.at","_links":{"self":[{"href":"https:\/\/www.xn--entrmpelung-whb.at\/api\/wp-json\/wp\/v2\/pages\/781","targetHints":{"allow":["GET"]}}],"collection":[{"href":"https:\/\/www.xn--entrmpelung-whb.at\/api\/wp-json\/wp\/v2\/pages"}],"about":[{"href":"https:\/\/www.xn--entrmpelung-whb.at\/api\/wp-json\/wp\/v2\/types\/page"}],"author":[{"embeddable":true,"href":"https:\/\/www.xn--entrmpelung-whb.at\/api\/wp-json\/wp\/v2\/users\/3"}],"replies":[{"embeddable":true,"href":"https:\/\/www.xn--entrmpelung-whb.at\/api\/wp-json\/wp\/v2\/comments?post=781"}],"version-history":[{"count":0,"href":"https:\/\/www.xn--entrmpelung-whb.at\/api\/wp-json\/wp\/v2\/pages\/781\/revisions"}],"wp:featuredmedia":[{"embeddable":true,"href":"https:\/\/www.xn--entrmpelung-whb.at\/api\/wp-json\/wp\/v2\/media\/12902"}],"wp:attachment":[{"href":"https:\/\/www.xn--entrmpelung-whb.at\/api\/wp-json\/wp\/v2\/media?parent=781"}],"wp:term":[{"taxonomy":"service_cat","embeddable":true,"href":"https:\/\/www.xn--entrmpelung-whb.at\/api\/wp-json\/wp\/v2\/service_cat?post=781"},{"taxonomy":"menu_category","embeddable":true,"href":"https:\/\/www.xn--entrmpelung-whb.at\/api\/wp-json\/wp\/v2\/menu_category?post=781"}],"curies":[{"name":"wp","href":"https:\/\/api.w.org\/{rel}","templated":true}]}}